{"id":7050,"date":"2020-10-01T20:13:08","date_gmt":"2020-10-01T18:13:08","guid":{"rendered":"https:\/\/inwestujdlugoterminowo.pl\/?page_id=7050"},"modified":"2021-09-28T17:52:06","modified_gmt":"2021-09-28T15:52:06","slug":"correlation-matrix","status":"publish","type":"page","link":"https:\/\/inwestujdlugoterminowo.pl\/en\/correlation-matrix\/","title":{"rendered":"Correlation matrix"},"content":{"rendered":"\t\t<div data-elementor-type=\"wp-page\" data-elementor-id=\"7050\" class=\"elementor elementor-7050\">\n\t\t\t\t\t\t<section class=\"elementor-section elementor-top-section elementor-element elementor-element-2c08f99 elementor-section-stretched elementor-section-boxed elementor-section-height-default elementor-section-height-default\" data-id=\"2c08f99\" data-element_type=\"section\" data-e-type=\"section\" data-settings=\"{&quot;stretch_section&quot;:&quot;section-stretched&quot;}\">\n\t\t\t\t\t\t<div class=\"elementor-container elementor-column-gap-default\">\n\t\t\t\t\t<div class=\"elementor-column elementor-col-100 elementor-top-column elementor-element elementor-element-0343425\" data-id=\"0343425\" data-element_type=\"column\" data-e-type=\"column\">\n\t\t\t<div class=\"elementor-widget-wrap elementor-element-populated\">\n\t\t\t\t\t\t<div class=\"elementor-element elementor-element-7c32c6a elementor-widget elementor-widget-text-editor\" data-id=\"7c32c6a\" data-element_type=\"widget\" data-e-type=\"widget\" data-widget_type=\"text-editor.default\">\n\t\t\t\t<div class=\"elementor-widget-container\">\n\t\t\t\t\t\t\t\t\t<p>Below are tables showing the correlation between the strategies. The data is updated once a month so that the correlation is always calculated for the last 5, 10, 15 and 20 years.<\/p><p>This tool can help you build a solid portfolio by combining low correlation strategies which can help reducing portfolio volatility. As a result, the risk of a given portfolio will be lower.<\/p><p>To see the entire table, switch between tabs and use the slider to see the rest of the results.<\/p>\t\t\t\t\t\t\t\t<\/div>\n\t\t\t\t<\/div>\n\t\t\t\t\t<\/div>\n\t\t<\/div>\n\t\t\t\t\t<\/div>\n\t\t<\/section>\n\t\t\t\t<section class=\"elementor-section elementor-top-section elementor-element elementor-element-d1faa53 elementor-section-stretched elementor-section-boxed elementor-section-height-default elementor-section-height-default\" data-id=\"d1faa53\" data-element_type=\"section\" data-e-type=\"section\" data-settings=\"{&quot;stretch_section&quot;:&quot;section-stretched&quot;}\">\n\t\t\t\t\t\t<div class=\"elementor-container elementor-column-gap-default\">\n\t\t\t\t\t<div class=\"elementor-column elementor-col-100 elementor-top-column elementor-element elementor-element-063ada2\" data-id=\"063ada2\" data-element_type=\"column\" data-e-type=\"column\">\n\t\t\t<div class=\"elementor-widget-wrap elementor-element-populated\">\n\t\t\t\t\t\t<div class=\"elementor-element elementor-element-f37d3a4 elementor-tabs-view-horizontal elementor-widget elementor-widget-tabs\" data-id=\"f37d3a4\" data-element_type=\"widget\" data-e-type=\"widget\" data-widget_type=\"tabs.default\">\n\t\t\t\t<div class=\"elementor-widget-container\">\n\t\t\t\t\t\t\t<div class=\"elementor-tabs\">\n\t\t\t<div class=\"elementor-tabs-wrapper\" role=\"tablist\" >\n\t\t\t\t\t\t\t\t\t<div id=\"elementor-tab-title-2551\" class=\"elementor-tab-title elementor-tab-desktop-title\" aria-selected=\"true\" data-tab=\"1\" role=\"tab\" tabindex=\"0\" aria-controls=\"elementor-tab-content-2551\" aria-expanded=\"false\">Correlation 5 yr<\/div>\n\t\t\t\t\t\t\t\t\t<div id=\"elementor-tab-title-2552\" class=\"elementor-tab-title elementor-tab-desktop-title\" aria-selected=\"false\" data-tab=\"2\" role=\"tab\" tabindex=\"-1\" aria-controls=\"elementor-tab-content-2552\" aria-expanded=\"false\">Correlation 10 yr<\/div>\n\t\t\t\t\t\t\t\t\t<div id=\"elementor-tab-title-2553\" class=\"elementor-tab-title elementor-tab-desktop-title\" aria-selected=\"false\" data-tab=\"3\" role=\"tab\" tabindex=\"-1\" aria-controls=\"elementor-tab-content-2553\" aria-expanded=\"false\">Correlation 15 yr<\/div>\n\t\t\t\t\t\t\t\t\t<div id=\"elementor-tab-title-2554\" class=\"elementor-tab-title elementor-tab-desktop-title\" aria-selected=\"false\" data-tab=\"4\" role=\"tab\" tabindex=\"-1\" aria-controls=\"elementor-tab-content-2554\" aria-expanded=\"false\">Correlation 20 yr<\/div>\n\t\t\t\t\t\t\t<\/div>\n\t\t\t<div class=\"elementor-tabs-content-wrapper\" role=\"tablist\" aria-orientation=\"vertical\">\n\t\t\t\t\t\t\t\t\t<div class=\"elementor-tab-title elementor-tab-mobile-title\" aria-selected=\"true\" data-tab=\"1\" role=\"tab\" tabindex=\"0\" aria-controls=\"elementor-tab-content-2551\" aria-expanded=\"false\">Correlation 5 yr<\/div>\n\t\t\t\t\t<div id=\"elementor-tab-content-2551\" class=\"elementor-tab-content elementor-clearfix\" data-tab=\"1\" role=\"tabpanel\" aria-labelledby=\"elementor-tab-title-2551\" tabindex=\"0\" hidden=\"false\"><div class=\"iframe-container\"><iframe loading=\"lazy\" src=\"https:\/\/docs.google.com\/spreadsheets\/d\/e\/2PACX-1vSjpimYxAG1R-BHcuvT5wzO4RUyw2rFOrQSotDWfEJX9phN_H_tFDCyRAbZ4E01EAPo19uWzeWL9Ya7\/pubhtml?gid=1737018003&amp;single=true&amp;range=B2:AX58&amp;widget=false&amp;headers=false&amp;chrome=false\" width=\"950\" height=\"700\"><\/iframe><\/div><\/div>\n\t\t\t\t\t\t\t\t\t<div class=\"elementor-tab-title elementor-tab-mobile-title\" aria-selected=\"false\" data-tab=\"2\" role=\"tab\" tabindex=\"-1\" aria-controls=\"elementor-tab-content-2552\" aria-expanded=\"false\">Correlation 10 yr<\/div>\n\t\t\t\t\t<div id=\"elementor-tab-content-2552\" class=\"elementor-tab-content elementor-clearfix\" data-tab=\"2\" role=\"tabpanel\" aria-labelledby=\"elementor-tab-title-2552\" tabindex=\"0\" hidden=\"hidden\"><div class=\"iframe-container\"><iframe loading=\"lazy\" src=\"https:\/\/docs.google.com\/spreadsheets\/d\/e\/2PACX-1vSjpimYxAG1R-BHcuvT5wzO4RUyw2rFOrQSotDWfEJX9phN_H_tFDCyRAbZ4E01EAPo19uWzeWL9Ya7\/pubhtml?gid=997384631&amp;single=true&amp;range=B2:AX58&amp;widget=false&amp;headers=false&amp;chrome=false\" width=\"950\" height=\"700\"><\/iframe><\/div><\/div>\n\t\t\t\t\t\t\t\t\t<div class=\"elementor-tab-title elementor-tab-mobile-title\" aria-selected=\"false\" data-tab=\"3\" role=\"tab\" tabindex=\"-1\" aria-controls=\"elementor-tab-content-2553\" aria-expanded=\"false\">Correlation 15 yr<\/div>\n\t\t\t\t\t<div id=\"elementor-tab-content-2553\" class=\"elementor-tab-content elementor-clearfix\" data-tab=\"3\" role=\"tabpanel\" aria-labelledby=\"elementor-tab-title-2553\" tabindex=\"0\" hidden=\"hidden\"><div class=\"iframe-container\"><iframe loading=\"lazy\" src=\"https:\/\/docs.google.com\/spreadsheets\/d\/e\/2PACX-1vSjpimYxAG1R-BHcuvT5wzO4RUyw2rFOrQSotDWfEJX9phN_H_tFDCyRAbZ4E01EAPo19uWzeWL9Ya7\/pubhtml?gid=161295004&amp;single=true&amp;range=B2:AX58&amp;widget=false&amp;headers=false&amp;chrome=false\" width=\"950\" height=\"700\"><\/iframe><\/div><\/div>\n\t\t\t\t\t\t\t\t\t<div class=\"elementor-tab-title elementor-tab-mobile-title\" aria-selected=\"false\" data-tab=\"4\" role=\"tab\" tabindex=\"-1\" aria-controls=\"elementor-tab-content-2554\" aria-expanded=\"false\">Correlation 20 yr<\/div>\n\t\t\t\t\t<div id=\"elementor-tab-content-2554\" class=\"elementor-tab-content elementor-clearfix\" data-tab=\"4\" role=\"tabpanel\" aria-labelledby=\"elementor-tab-title-2554\" tabindex=\"0\" hidden=\"hidden\"><div class=\"iframe-container\"><iframe loading=\"lazy\" src=\"https:\/\/docs.google.com\/spreadsheets\/d\/e\/2PACX-1vSjpimYxAG1R-BHcuvT5wzO4RUyw2rFOrQSotDWfEJX9phN_H_tFDCyRAbZ4E01EAPo19uWzeWL9Ya7\/pubhtml?gid=961550710&amp;single=true&amp;range=B2:AX58&amp;widget=false&amp;headers=false&amp;chrome=false\" width=\"950\" height=\"700\"><\/iframe><\/div><\/div>\n\t\t\t\t\t\t\t<\/div>\n\t\t<\/div>\n\t\t\t\t\t\t<\/div>\n\t\t\t\t<\/div>\n\t\t\t\t\t<\/div>\n\t\t<\/div>\n\t\t\t\t\t<\/div>\n\t\t<\/section>\n\t\t\t\t<\/div>\n\t\t","protected":false},"excerpt":{"rendered":"<p>Below are tables showing the correlation between the strategies. The data is updated once a month so that the correlation is always calculated for the last 5, 10, 15 and 20 years. This tool can help you build a solid portfolio by combining low correlation strategies which can help reducing portfolio volatility. As a result, [&hellip;]<\/p>\n","protected":false},"author":1,"featured_media":0,"parent":0,"menu_order":24,"comment_status":"closed","ping_status":"closed","template":"","meta":{"jetpack_post_was_ever_published":false,"footnotes":""},"class_list":{"1":"page","2":"post-box"},"yoast_head":"<!-- This site is optimized with the Yoast SEO plugin v27.3 - https:\/\/yoast.com\/product\/yoast-seo-wordpress\/ -->\n<title>Correlation matrix - Inwestuj D\u0142ugoterminowo<\/title>\n<meta name=\"robots\" content=\"index, follow, max-snippet:-1, max-image-preview:large, max-video-preview:-1\" \/>\n<link rel=\"canonical\" href=\"https:\/\/inwestujdlugoterminowo.pl\/en\/correlation-matrix\/\" \/>\n<meta property=\"og:locale\" content=\"en_US\" \/>\n<meta property=\"og:type\" content=\"article\" \/>\n<meta property=\"og:title\" content=\"Correlation matrix - Inwestuj D\u0142ugoterminowo\" \/>\n<meta property=\"og:description\" content=\"Below are tables showing the correlation between the strategies. The data is updated once a month so that the correlation is always calculated for the last 5, 10, 15 and 20 years. This tool can help you build a solid portfolio by combining low correlation strategies which can help reducing portfolio volatility. As a result, [&hellip;]\" \/>\n<meta property=\"og:url\" content=\"https:\/\/inwestujdlugoterminowo.pl\/en\/correlation-matrix\/\" \/>\n<meta property=\"og:site_name\" content=\"Inwestuj D\u0142ugoterminowo\" \/>\n<meta property=\"article:publisher\" content=\"https:\/\/www.facebook.com\/inwestujdlugoterminowo\/\" \/>\n<meta property=\"article:modified_time\" content=\"2021-09-28T15:52:06+00:00\" \/>\n<meta property=\"og:image\" content=\"https:\/\/inwestujdlugoterminowo.pl\/wp-content\/uploads\/2024\/05\/Inwestuj-Dlugoterminowo111-e1751722262651.png\" \/>\n\t<meta property=\"og:image:width\" content=\"1200\" \/>\n\t<meta property=\"og:image:height\" content=\"626\" \/>\n\t<meta property=\"og:image:type\" content=\"image\/png\" \/>\n<meta name=\"twitter:card\" content=\"summary_large_image\" \/>\n<meta name=\"twitter:site\" content=\"@GRadziukiewicz\" \/>\n<meta name=\"twitter:label1\" content=\"Est. reading time\" \/>\n\t<meta name=\"twitter:data1\" content=\"1 minute\" \/>\n<script type=\"application\/ld+json\" class=\"yoast-schema-graph\">{\"@context\":\"https:\\\/\\\/schema.org\",\"@graph\":[{\"@type\":\"WebPage\",\"@id\":\"https:\\\/\\\/inwestujdlugoterminowo.pl\\\/en\\\/correlation-matrix\\\/\",\"url\":\"https:\\\/\\\/inwestujdlugoterminowo.pl\\\/en\\\/correlation-matrix\\\/\",\"name\":\"Correlation matrix - Inwestuj D\u0142ugoterminowo\",\"isPartOf\":{\"@id\":\"https:\\\/\\\/inwestujdlugoterminowo.pl\\\/#website\"},\"datePublished\":\"2020-10-01T18:13:08+00:00\",\"dateModified\":\"2021-09-28T15:52:06+00:00\",\"breadcrumb\":{\"@id\":\"https:\\\/\\\/inwestujdlugoterminowo.pl\\\/en\\\/correlation-matrix\\\/#breadcrumb\"},\"inLanguage\":\"en-US\",\"potentialAction\":[{\"@type\":\"ReadAction\",\"target\":[\"https:\\\/\\\/inwestujdlugoterminowo.pl\\\/en\\\/correlation-matrix\\\/\"]}]},{\"@type\":\"BreadcrumbList\",\"@id\":\"https:\\\/\\\/inwestujdlugoterminowo.pl\\\/en\\\/correlation-matrix\\\/#breadcrumb\",\"itemListElement\":[{\"@type\":\"ListItem\",\"position\":1,\"name\":\"Strona g\u0142\u00f3wna\",\"item\":\"https:\\\/\\\/inwestujdlugoterminowo.pl\\\/\"},{\"@type\":\"ListItem\",\"position\":2,\"name\":\"Correlation matrix\"}]},{\"@type\":\"WebSite\",\"@id\":\"https:\\\/\\\/inwestujdlugoterminowo.pl\\\/#website\",\"url\":\"https:\\\/\\\/inwestujdlugoterminowo.pl\\\/\",\"name\":\"Inwestuj D\u0142ugoterminowo\",\"description\":\"\u015awiadome i systemowe podej\u015bcie do inwestowania\",\"publisher\":{\"@id\":\"https:\\\/\\\/inwestujdlugoterminowo.pl\\\/#organization\"},\"alternateName\":\"ID\",\"potentialAction\":[{\"@type\":\"SearchAction\",\"target\":{\"@type\":\"EntryPoint\",\"urlTemplate\":\"https:\\\/\\\/inwestujdlugoterminowo.pl\\\/?s={search_term_string}\"},\"query-input\":{\"@type\":\"PropertyValueSpecification\",\"valueRequired\":true,\"valueName\":\"search_term_string\"}}],\"inLanguage\":\"en-US\"},{\"@type\":\"Organization\",\"@id\":\"https:\\\/\\\/inwestujdlugoterminowo.pl\\\/#organization\",\"name\":\"Inwestuj D\u0142ugoterminowo\",\"alternateName\":\"ID\",\"url\":\"https:\\\/\\\/inwestujdlugoterminowo.pl\\\/\",\"logo\":{\"@type\":\"ImageObject\",\"inLanguage\":\"en-US\",\"@id\":\"https:\\\/\\\/inwestujdlugoterminowo.pl\\\/#\\\/schema\\\/logo\\\/image\\\/\",\"url\":\"https:\\\/\\\/inwestujdlugoterminowo.pl\\\/wp-content\\\/uploads\\\/2020\\\/10\\\/InwestujDlugoterminowo-e1715152262791.jpg\",\"contentUrl\":\"https:\\\/\\\/inwestujdlugoterminowo.pl\\\/wp-content\\\/uploads\\\/2020\\\/10\\\/InwestujDlugoterminowo-e1715152262791.jpg\",\"width\":1132,\"height\":567,\"caption\":\"Inwestuj D\u0142ugoterminowo\"},\"image\":{\"@id\":\"https:\\\/\\\/inwestujdlugoterminowo.pl\\\/#\\\/schema\\\/logo\\\/image\\\/\"},\"sameAs\":[\"https:\\\/\\\/www.facebook.com\\\/inwestujdlugoterminowo\\\/\",\"https:\\\/\\\/x.com\\\/GRadziukiewicz\"]}]}<\/script>\n<!-- \/ Yoast SEO plugin. -->","yoast_head_json":{"title":"Correlation matrix - Inwestuj D\u0142ugoterminowo","robots":{"index":"index","follow":"follow","max-snippet":"max-snippet:-1","max-image-preview":"max-image-preview:large","max-video-preview":"max-video-preview:-1"},"canonical":"https:\/\/inwestujdlugoterminowo.pl\/en\/correlation-matrix\/","og_locale":"en_US","og_type":"article","og_title":"Correlation matrix - Inwestuj D\u0142ugoterminowo","og_description":"Below are tables showing the correlation between the strategies. The data is updated once a month so that the correlation is always calculated for the last 5, 10, 15 and 20 years. This tool can help you build a solid portfolio by combining low correlation strategies which can help reducing portfolio volatility. As a result, [&hellip;]","og_url":"https:\/\/inwestujdlugoterminowo.pl\/en\/correlation-matrix\/","og_site_name":"Inwestuj D\u0142ugoterminowo","article_publisher":"https:\/\/www.facebook.com\/inwestujdlugoterminowo\/","article_modified_time":"2021-09-28T15:52:06+00:00","og_image":[{"width":1200,"height":626,"url":"https:\/\/inwestujdlugoterminowo.pl\/wp-content\/uploads\/2024\/05\/Inwestuj-Dlugoterminowo111-e1751722262651.png","type":"image\/png"}],"twitter_card":"summary_large_image","twitter_site":"@GRadziukiewicz","twitter_misc":{"Est. reading time":"1 minute"},"schema":{"@context":"https:\/\/schema.org","@graph":[{"@type":"WebPage","@id":"https:\/\/inwestujdlugoterminowo.pl\/en\/correlation-matrix\/","url":"https:\/\/inwestujdlugoterminowo.pl\/en\/correlation-matrix\/","name":"Correlation matrix - Inwestuj D\u0142ugoterminowo","isPartOf":{"@id":"https:\/\/inwestujdlugoterminowo.pl\/#website"},"datePublished":"2020-10-01T18:13:08+00:00","dateModified":"2021-09-28T15:52:06+00:00","breadcrumb":{"@id":"https:\/\/inwestujdlugoterminowo.pl\/en\/correlation-matrix\/#breadcrumb"},"inLanguage":"en-US","potentialAction":[{"@type":"ReadAction","target":["https:\/\/inwestujdlugoterminowo.pl\/en\/correlation-matrix\/"]}]},{"@type":"BreadcrumbList","@id":"https:\/\/inwestujdlugoterminowo.pl\/en\/correlation-matrix\/#breadcrumb","itemListElement":[{"@type":"ListItem","position":1,"name":"Strona g\u0142\u00f3wna","item":"https:\/\/inwestujdlugoterminowo.pl\/"},{"@type":"ListItem","position":2,"name":"Correlation matrix"}]},{"@type":"WebSite","@id":"https:\/\/inwestujdlugoterminowo.pl\/#website","url":"https:\/\/inwestujdlugoterminowo.pl\/","name":"Inwestuj D\u0142ugoterminowo","description":"\u015awiadome i systemowe podej\u015bcie do inwestowania","publisher":{"@id":"https:\/\/inwestujdlugoterminowo.pl\/#organization"},"alternateName":"ID","potentialAction":[{"@type":"SearchAction","target":{"@type":"EntryPoint","urlTemplate":"https:\/\/inwestujdlugoterminowo.pl\/?s={search_term_string}"},"query-input":{"@type":"PropertyValueSpecification","valueRequired":true,"valueName":"search_term_string"}}],"inLanguage":"en-US"},{"@type":"Organization","@id":"https:\/\/inwestujdlugoterminowo.pl\/#organization","name":"Inwestuj D\u0142ugoterminowo","alternateName":"ID","url":"https:\/\/inwestujdlugoterminowo.pl\/","logo":{"@type":"ImageObject","inLanguage":"en-US","@id":"https:\/\/inwestujdlugoterminowo.pl\/#\/schema\/logo\/image\/","url":"https:\/\/inwestujdlugoterminowo.pl\/wp-content\/uploads\/2020\/10\/InwestujDlugoterminowo-e1715152262791.jpg","contentUrl":"https:\/\/inwestujdlugoterminowo.pl\/wp-content\/uploads\/2020\/10\/InwestujDlugoterminowo-e1715152262791.jpg","width":1132,"height":567,"caption":"Inwestuj D\u0142ugoterminowo"},"image":{"@id":"https:\/\/inwestujdlugoterminowo.pl\/#\/schema\/logo\/image\/"},"sameAs":["https:\/\/www.facebook.com\/inwestujdlugoterminowo\/","https:\/\/x.com\/GRadziukiewicz"]}]}},"jetpack_shortlink":"https:\/\/wp.me\/PbImc6-1PI","jetpack_sharing_enabled":true,"_links":{"self":[{"href":"https:\/\/inwestujdlugoterminowo.pl\/en\/wp-json\/wp\/v2\/pages\/7050","targetHints":{"allow":["GET"]}}],"collection":[{"href":"https:\/\/inwestujdlugoterminowo.pl\/en\/wp-json\/wp\/v2\/pages"}],"about":[{"href":"https:\/\/inwestujdlugoterminowo.pl\/en\/wp-json\/wp\/v2\/types\/page"}],"author":[{"embeddable":true,"href":"https:\/\/inwestujdlugoterminowo.pl\/en\/wp-json\/wp\/v2\/users\/1"}],"replies":[{"embeddable":true,"href":"https:\/\/inwestujdlugoterminowo.pl\/en\/wp-json\/wp\/v2\/comments?post=7050"}],"version-history":[{"count":9,"href":"https:\/\/inwestujdlugoterminowo.pl\/en\/wp-json\/wp\/v2\/pages\/7050\/revisions"}],"predecessor-version":[{"id":7059,"href":"https:\/\/inwestujdlugoterminowo.pl\/en\/wp-json\/wp\/v2\/pages\/7050\/revisions\/7059"}],"wp:attachment":[{"href":"https:\/\/inwestujdlugoterminowo.pl\/en\/wp-json\/wp\/v2\/media?parent=7050"}],"curies":[{"name":"wp","href":"https:\/\/api.w.org\/{rel}","templated":true}]}}