{"id":6944,"date":"2021-05-02T09:45:48","date_gmt":"2021-05-02T07:45:48","guid":{"rendered":"https:\/\/inwestujdlugoterminowo.pl\/?page_id=6944"},"modified":"2021-10-06T19:37:33","modified_gmt":"2021-10-06T17:37:33","slug":"restricted-info-english","status":"publish","type":"page","link":"https:\/\/inwestujdlugoterminowo.pl\/en\/restricted-info-english\/","title":{"rendered":"Restricted info-english"},"content":{"rendered":"<p>Oops! It looks like you want access page intended for <strong>Premium<\/strong> subscribers. You can read more about subscriber section <a href=\"https:\/\/inwestujdlugoterminowo.pl\/en\/all-you-need-to-know-about-premium-subscription\/\">here<\/a>.<\/p>\n<p>If you already have access to this part, please log in below.<\/p>\n<p>Otherwise, <a href=\"https:\/\/inwestujdlugoterminowo.pl\/en\/members-option-page-en\/\">register<\/a> to get access to the <strong>Premium<\/strong> zone.<\/p>\n<p>Regards,<br \/>\nGrzegorz<\/p>\n<div class=\"ws-plugin--s2member-sc-login\"><div class=\"ws-plugin--s2member-pro-login-widget\">\n<form method=\"post\" action=\"https:\/\/inwestujdlugoterminowo.pl\/en\/id-login\/\" class=\"ws-plugin--s2member-pro-login-widget-form\">\n<div class=\"ws-plugin--s2member-pro-login-widget-username\">\n<label for=\"ws-plugin--s2member-pro-login-widget-username\">Username or Email:<\/label><br \/>\n<input type=\"text\" name=\"log\" id=\"ws-plugin--s2member-pro-login-widget-username\" class=\"form-control\" title=\"Username\" \/>\n<\/div>\n<div class=\"ws-plugin--s2member-pro-login-widget-password\">\n<label for=\"ws-plugin--s2member-pro-login-widget-password\">Password:<\/label><br \/>\n<input type=\"password\" name=\"pwd\" id=\"ws-plugin--s2member-pro-login-widget-password\" class=\"form-control\" title=\"Password\" \/>\n<\/div>\n<div class=\"ws-plugin--s2member-pro-login-widget-lost-password\">\n<a href=\"https:\/\/inwestujdlugoterminowo.pl\/en\/members-option-page-en\/\" tabindex=\"-1\">signup now<\/a> | <a href=\"https:\/\/inwestujdlugoterminowo.pl\/en\/id-login\/?action=lostpassword\" tabindex=\"-1\">forgot password?<\/a>\n<\/div>\n<div class=\"ws-plugin--s2member-pro-login-widget-remember-me\">\n<label><input type=\"checkbox\" name=\"rememberme\" value=\"forever\" \/>Remember Me<\/label>\n<\/div>\n<div class=\"ws-plugin--s2member-pro-login-widget-submit\">\n<input type=\"hidden\" name=\"redirect_to\" value=\"\/en\/wp-json\/wp\/v2\/pages\/6944\" \/>\n<input type=\"hidden\" name=\"redirect_to_automatic\" value=\"1\" \/>\n<input type=\"submit\" class=\"btn btn-primary\" value=\"Log Me In\" \/>\n<\/div>\n<\/form>\n<div class=\"ws-plugin--s2member-pro-login-widget-code\">\n<\/div>\n<div style=\"clear:both;\"><\/div>\n<\/div>\n<\/div>\n","protected":false},"excerpt":{"rendered":"<p>Oops! It looks like you want access page intended for Premium subscribers. You can read more about subscriber section here. If you already have access to this part, please log in below. Otherwise, register to get access to the Premium zone. Regards, Grzegorz<\/p>\n","protected":false},"author":1,"featured_media":0,"parent":0,"menu_order":41,"comment_status":"closed","ping_status":"closed","template":"","meta":{"jetpack_post_was_ever_published":false,"footnotes":""},"class_list":{"1":"page","2":"post-box"},"yoast_head":"<!-- This site is optimized with the Yoast SEO plugin v27.3 - https:\/\/yoast.com\/product\/yoast-seo-wordpress\/ -->\n<title>Restricted info-english - Inwestuj D\u0142ugoterminowo<\/title>\n<meta name=\"robots\" content=\"noindex, follow\" \/>\n<meta property=\"og:locale\" content=\"en_US\" \/>\n<meta property=\"og:type\" content=\"article\" \/>\n<meta property=\"og:title\" content=\"Restricted info-english - Inwestuj D\u0142ugoterminowo\" \/>\n<meta property=\"og:description\" content=\"Oops! It looks like you want access page intended for Premium subscribers. You can read more about subscriber section here. If you already have access to this part, please log in below. Otherwise, register to get access to the Premium zone. Regards, Grzegorz\" \/>\n<meta property=\"og:url\" content=\"https:\/\/inwestujdlugoterminowo.pl\/en\/restricted-info-english\/\" \/>\n<meta property=\"og:site_name\" content=\"Inwestuj D\u0142ugoterminowo\" \/>\n<meta property=\"article:publisher\" content=\"https:\/\/www.facebook.com\/inwestujdlugoterminowo\/\" \/>\n<meta property=\"article:modified_time\" content=\"2021-10-06T17:37:33+00:00\" \/>\n<meta property=\"og:image\" content=\"https:\/\/inwestujdlugoterminowo.pl\/wp-content\/uploads\/2024\/05\/Inwestuj-Dlugoterminowo111-e1751722262651.png\" \/>\n\t<meta property=\"og:image:width\" content=\"1200\" \/>\n\t<meta property=\"og:image:height\" content=\"626\" \/>\n\t<meta property=\"og:image:type\" content=\"image\/png\" \/>\n<meta name=\"twitter:card\" content=\"summary_large_image\" \/>\n<meta name=\"twitter:site\" content=\"@GRadziukiewicz\" \/>\n<meta name=\"twitter:label1\" content=\"Est. reading time\" \/>\n\t<meta name=\"twitter:data1\" content=\"1 minute\" \/>\n<script type=\"application\/ld+json\" class=\"yoast-schema-graph\">{\"@context\":\"https:\\\/\\\/schema.org\",\"@graph\":[{\"@type\":\"WebPage\",\"@id\":\"https:\\\/\\\/inwestujdlugoterminowo.pl\\\/en\\\/restricted-info-english\\\/\",\"url\":\"https:\\\/\\\/inwestujdlugoterminowo.pl\\\/en\\\/restricted-info-english\\\/\",\"name\":\"Restricted info-english - Inwestuj D\u0142ugoterminowo\",\"isPartOf\":{\"@id\":\"https:\\\/\\\/inwestujdlugoterminowo.pl\\\/#website\"},\"datePublished\":\"2021-05-02T07:45:48+00:00\",\"dateModified\":\"2021-10-06T17:37:33+00:00\",\"breadcrumb\":{\"@id\":\"https:\\\/\\\/inwestujdlugoterminowo.pl\\\/en\\\/restricted-info-english\\\/#breadcrumb\"},\"inLanguage\":\"en-US\",\"potentialAction\":[{\"@type\":\"ReadAction\",\"target\":[\"https:\\\/\\\/inwestujdlugoterminowo.pl\\\/en\\\/restricted-info-english\\\/\"]}]},{\"@type\":\"BreadcrumbList\",\"@id\":\"https:\\\/\\\/inwestujdlugoterminowo.pl\\\/en\\\/restricted-info-english\\\/#breadcrumb\",\"itemListElement\":[{\"@type\":\"ListItem\",\"position\":1,\"name\":\"Strona g\u0142\u00f3wna\",\"item\":\"https:\\\/\\\/inwestujdlugoterminowo.pl\\\/\"},{\"@type\":\"ListItem\",\"position\":2,\"name\":\"Restricted info-english\"}]},{\"@type\":\"WebSite\",\"@id\":\"https:\\\/\\\/inwestujdlugoterminowo.pl\\\/#website\",\"url\":\"https:\\\/\\\/inwestujdlugoterminowo.pl\\\/\",\"name\":\"Inwestuj D\u0142ugoterminowo\",\"description\":\"\u015awiadome i systemowe podej\u015bcie do inwestowania\",\"publisher\":{\"@id\":\"https:\\\/\\\/inwestujdlugoterminowo.pl\\\/#organization\"},\"alternateName\":\"ID\",\"potentialAction\":[{\"@type\":\"SearchAction\",\"target\":{\"@type\":\"EntryPoint\",\"urlTemplate\":\"https:\\\/\\\/inwestujdlugoterminowo.pl\\\/?s={search_term_string}\"},\"query-input\":{\"@type\":\"PropertyValueSpecification\",\"valueRequired\":true,\"valueName\":\"search_term_string\"}}],\"inLanguage\":\"en-US\"},{\"@type\":\"Organization\",\"@id\":\"https:\\\/\\\/inwestujdlugoterminowo.pl\\\/#organization\",\"name\":\"Inwestuj D\u0142ugoterminowo\",\"alternateName\":\"ID\",\"url\":\"https:\\\/\\\/inwestujdlugoterminowo.pl\\\/\",\"logo\":{\"@type\":\"ImageObject\",\"inLanguage\":\"en-US\",\"@id\":\"https:\\\/\\\/inwestujdlugoterminowo.pl\\\/#\\\/schema\\\/logo\\\/image\\\/\",\"url\":\"https:\\\/\\\/inwestujdlugoterminowo.pl\\\/wp-content\\\/uploads\\\/2020\\\/10\\\/InwestujDlugoterminowo-e1715152262791.jpg\",\"contentUrl\":\"https:\\\/\\\/inwestujdlugoterminowo.pl\\\/wp-content\\\/uploads\\\/2020\\\/10\\\/InwestujDlugoterminowo-e1715152262791.jpg\",\"width\":1132,\"height\":567,\"caption\":\"Inwestuj D\u0142ugoterminowo\"},\"image\":{\"@id\":\"https:\\\/\\\/inwestujdlugoterminowo.pl\\\/#\\\/schema\\\/logo\\\/image\\\/\"},\"sameAs\":[\"https:\\\/\\\/www.facebook.com\\\/inwestujdlugoterminowo\\\/\",\"https:\\\/\\\/x.com\\\/GRadziukiewicz\"]}]}<\/script>\n<!-- \/ Yoast SEO plugin. -->","yoast_head_json":{"title":"Restricted info-english - Inwestuj D\u0142ugoterminowo","robots":{"index":"noindex","follow":"follow"},"og_locale":"en_US","og_type":"article","og_title":"Restricted info-english - Inwestuj D\u0142ugoterminowo","og_description":"Oops! It looks like you want access page intended for Premium subscribers. You can read more about subscriber section here. If you already have access to this part, please log in below. Otherwise, register to get access to the Premium zone. Regards, Grzegorz","og_url":"https:\/\/inwestujdlugoterminowo.pl\/en\/restricted-info-english\/","og_site_name":"Inwestuj D\u0142ugoterminowo","article_publisher":"https:\/\/www.facebook.com\/inwestujdlugoterminowo\/","article_modified_time":"2021-10-06T17:37:33+00:00","og_image":[{"width":1200,"height":626,"url":"https:\/\/inwestujdlugoterminowo.pl\/wp-content\/uploads\/2024\/05\/Inwestuj-Dlugoterminowo111-e1751722262651.png","type":"image\/png"}],"twitter_card":"summary_large_image","twitter_site":"@GRadziukiewicz","twitter_misc":{"Est. reading time":"1 minute"},"schema":{"@context":"https:\/\/schema.org","@graph":[{"@type":"WebPage","@id":"https:\/\/inwestujdlugoterminowo.pl\/en\/restricted-info-english\/","url":"https:\/\/inwestujdlugoterminowo.pl\/en\/restricted-info-english\/","name":"Restricted info-english - Inwestuj D\u0142ugoterminowo","isPartOf":{"@id":"https:\/\/inwestujdlugoterminowo.pl\/#website"},"datePublished":"2021-05-02T07:45:48+00:00","dateModified":"2021-10-06T17:37:33+00:00","breadcrumb":{"@id":"https:\/\/inwestujdlugoterminowo.pl\/en\/restricted-info-english\/#breadcrumb"},"inLanguage":"en-US","potentialAction":[{"@type":"ReadAction","target":["https:\/\/inwestujdlugoterminowo.pl\/en\/restricted-info-english\/"]}]},{"@type":"BreadcrumbList","@id":"https:\/\/inwestujdlugoterminowo.pl\/en\/restricted-info-english\/#breadcrumb","itemListElement":[{"@type":"ListItem","position":1,"name":"Strona g\u0142\u00f3wna","item":"https:\/\/inwestujdlugoterminowo.pl\/"},{"@type":"ListItem","position":2,"name":"Restricted info-english"}]},{"@type":"WebSite","@id":"https:\/\/inwestujdlugoterminowo.pl\/#website","url":"https:\/\/inwestujdlugoterminowo.pl\/","name":"Inwestuj D\u0142ugoterminowo","description":"\u015awiadome i systemowe podej\u015bcie do inwestowania","publisher":{"@id":"https:\/\/inwestujdlugoterminowo.pl\/#organization"},"alternateName":"ID","potentialAction":[{"@type":"SearchAction","target":{"@type":"EntryPoint","urlTemplate":"https:\/\/inwestujdlugoterminowo.pl\/?s={search_term_string}"},"query-input":{"@type":"PropertyValueSpecification","valueRequired":true,"valueName":"search_term_string"}}],"inLanguage":"en-US"},{"@type":"Organization","@id":"https:\/\/inwestujdlugoterminowo.pl\/#organization","name":"Inwestuj D\u0142ugoterminowo","alternateName":"ID","url":"https:\/\/inwestujdlugoterminowo.pl\/","logo":{"@type":"ImageObject","inLanguage":"en-US","@id":"https:\/\/inwestujdlugoterminowo.pl\/#\/schema\/logo\/image\/","url":"https:\/\/inwestujdlugoterminowo.pl\/wp-content\/uploads\/2020\/10\/InwestujDlugoterminowo-e1715152262791.jpg","contentUrl":"https:\/\/inwestujdlugoterminowo.pl\/wp-content\/uploads\/2020\/10\/InwestujDlugoterminowo-e1715152262791.jpg","width":1132,"height":567,"caption":"Inwestuj D\u0142ugoterminowo"},"image":{"@id":"https:\/\/inwestujdlugoterminowo.pl\/#\/schema\/logo\/image\/"},"sameAs":["https:\/\/www.facebook.com\/inwestujdlugoterminowo\/","https:\/\/x.com\/GRadziukiewicz"]}]}},"jetpack_shortlink":"https:\/\/wp.me\/PbImc6-1O0","jetpack_sharing_enabled":true,"_links":{"self":[{"href":"https:\/\/inwestujdlugoterminowo.pl\/en\/wp-json\/wp\/v2\/pages\/6944","targetHints":{"allow":["GET"]}}],"collection":[{"href":"https:\/\/inwestujdlugoterminowo.pl\/en\/wp-json\/wp\/v2\/pages"}],"about":[{"href":"https:\/\/inwestujdlugoterminowo.pl\/en\/wp-json\/wp\/v2\/types\/page"}],"author":[{"embeddable":true,"href":"https:\/\/inwestujdlugoterminowo.pl\/en\/wp-json\/wp\/v2\/users\/1"}],"replies":[{"embeddable":true,"href":"https:\/\/inwestujdlugoterminowo.pl\/en\/wp-json\/wp\/v2\/comments?post=6944"}],"version-history":[{"count":16,"href":"https:\/\/inwestujdlugoterminowo.pl\/en\/wp-json\/wp\/v2\/pages\/6944\/revisions"}],"predecessor-version":[{"id":7194,"href":"https:\/\/inwestujdlugoterminowo.pl\/en\/wp-json\/wp\/v2\/pages\/6944\/revisions\/7194"}],"wp:attachment":[{"href":"https:\/\/inwestujdlugoterminowo.pl\/en\/wp-json\/wp\/v2\/media?parent=6944"}],"curies":[{"name":"wp","href":"https:\/\/api.w.org\/{rel}","templated":true}]}}