{"id":6938,"date":"2021-09-27T18:04:48","date_gmt":"2021-09-27T16:04:48","guid":{"rendered":"https:\/\/inwestujdlugoterminowo.pl\/?page_id=6938"},"modified":"2021-09-27T18:06:13","modified_gmt":"2021-09-27T16:06:13","slug":"user-profile-update","status":"publish","type":"page","link":"https:\/\/inwestujdlugoterminowo.pl\/en\/user-profile-update\/","title":{"rendered":"User profile update"},"content":{"rendered":"\t\t<div data-elementor-type=\"wp-page\" data-elementor-id=\"6938\" class=\"elementor elementor-6938\">\n\t\t\t\t\t\t<section class=\"elementor-section elementor-top-section elementor-element elementor-element-0c8932a elementor-section-boxed elementor-section-height-default elementor-section-height-default\" data-id=\"0c8932a\" data-element_type=\"section\" data-e-type=\"section\">\n\t\t\t\t\t\t<div class=\"elementor-container elementor-column-gap-default\">\n\t\t\t\t\t<div class=\"elementor-column elementor-col-100 elementor-top-column elementor-element elementor-element-2a747e7\" data-id=\"2a747e7\" data-element_type=\"column\" data-e-type=\"column\">\n\t\t\t<div class=\"elementor-widget-wrap elementor-element-populated\">\n\t\t\t\t\t\t<div class=\"elementor-element elementor-element-ca399bd elementor-widget elementor-widget-text-editor\" data-id=\"ca399bd\" data-element_type=\"widget\" data-e-type=\"widget\" data-widget_type=\"text-editor.default\">\n\t\t\t\t<div class=\"elementor-widget-container\">\n\t\t\t\t\t\t\t\t\t<p><\/p>\t\t\t\t\t\t\t\t<\/div>\n\t\t\t\t<\/div>\n\t\t\t\t\t<\/div>\n\t\t<\/div>\n\t\t\t\t\t<\/div>\n\t\t<\/section>\n\t\t\t\t<\/div>\n\t\t","protected":false},"excerpt":{"rendered":"","protected":false},"author":1,"featured_media":0,"parent":0,"menu_order":38,"comment_status":"closed","ping_status":"closed","template":"","meta":{"jetpack_post_was_ever_published":false,"footnotes":""},"class_list":{"1":"page","2":"post-box"},"yoast_head":"<!-- This site is optimized with the Yoast SEO plugin v27.3 - https:\/\/yoast.com\/product\/yoast-seo-wordpress\/ -->\n<title>User profile update - Inwestuj D\u0142ugoterminowo<\/title>\n<meta name=\"robots\" content=\"index, follow, max-snippet:-1, max-image-preview:large, max-video-preview:-1\" \/>\n<link rel=\"canonical\" href=\"https:\/\/inwestujdlugoterminowo.pl\/en\/user-profile-update\/\" \/>\n<meta property=\"og:locale\" content=\"en_US\" \/>\n<meta property=\"og:type\" content=\"article\" \/>\n<meta property=\"og:title\" content=\"User profile update - Inwestuj D\u0142ugoterminowo\" \/>\n<meta property=\"og:url\" content=\"https:\/\/inwestujdlugoterminowo.pl\/en\/user-profile-update\/\" \/>\n<meta property=\"og:site_name\" content=\"Inwestuj D\u0142ugoterminowo\" \/>\n<meta property=\"article:publisher\" content=\"https:\/\/www.facebook.com\/inwestujdlugoterminowo\/\" \/>\n<meta property=\"article:modified_time\" content=\"2021-09-27T16:06:13+00:00\" \/>\n<meta property=\"og:image\" content=\"https:\/\/inwestujdlugoterminowo.pl\/wp-content\/uploads\/2024\/05\/Inwestuj-Dlugoterminowo111-e1751722262651.png\" \/>\n\t<meta property=\"og:image:width\" content=\"1200\" \/>\n\t<meta property=\"og:image:height\" content=\"626\" \/>\n\t<meta property=\"og:image:type\" content=\"image\/png\" \/>\n<meta name=\"twitter:card\" content=\"summary_large_image\" \/>\n<meta name=\"twitter:site\" content=\"@GRadziukiewicz\" \/>\n<meta name=\"twitter:label1\" content=\"Est. reading time\" \/>\n\t<meta name=\"twitter:data1\" content=\"1 minute\" \/>\n<script type=\"application\/ld+json\" class=\"yoast-schema-graph\">{\"@context\":\"https:\\\/\\\/schema.org\",\"@graph\":[{\"@type\":\"WebPage\",\"@id\":\"https:\\\/\\\/inwestujdlugoterminowo.pl\\\/en\\\/user-profile-update\\\/\",\"url\":\"https:\\\/\\\/inwestujdlugoterminowo.pl\\\/en\\\/user-profile-update\\\/\",\"name\":\"User profile update - Inwestuj D\u0142ugoterminowo\",\"isPartOf\":{\"@id\":\"https:\\\/\\\/inwestujdlugoterminowo.pl\\\/#website\"},\"datePublished\":\"2021-09-27T16:04:48+00:00\",\"dateModified\":\"2021-09-27T16:06:13+00:00\",\"breadcrumb\":{\"@id\":\"https:\\\/\\\/inwestujdlugoterminowo.pl\\\/en\\\/user-profile-update\\\/#breadcrumb\"},\"inLanguage\":\"en-US\",\"potentialAction\":[{\"@type\":\"ReadAction\",\"target\":[\"https:\\\/\\\/inwestujdlugoterminowo.pl\\\/en\\\/user-profile-update\\\/\"]}]},{\"@type\":\"BreadcrumbList\",\"@id\":\"https:\\\/\\\/inwestujdlugoterminowo.pl\\\/en\\\/user-profile-update\\\/#breadcrumb\",\"itemListElement\":[{\"@type\":\"ListItem\",\"position\":1,\"name\":\"Strona g\u0142\u00f3wna\",\"item\":\"https:\\\/\\\/inwestujdlugoterminowo.pl\\\/\"},{\"@type\":\"ListItem\",\"position\":2,\"name\":\"User profile update\"}]},{\"@type\":\"WebSite\",\"@id\":\"https:\\\/\\\/inwestujdlugoterminowo.pl\\\/#website\",\"url\":\"https:\\\/\\\/inwestujdlugoterminowo.pl\\\/\",\"name\":\"Inwestuj D\u0142ugoterminowo\",\"description\":\"\u015awiadome i systemowe podej\u015bcie do inwestowania\",\"publisher\":{\"@id\":\"https:\\\/\\\/inwestujdlugoterminowo.pl\\\/#organization\"},\"alternateName\":\"ID\",\"potentialAction\":[{\"@type\":\"SearchAction\",\"target\":{\"@type\":\"EntryPoint\",\"urlTemplate\":\"https:\\\/\\\/inwestujdlugoterminowo.pl\\\/?s={search_term_string}\"},\"query-input\":{\"@type\":\"PropertyValueSpecification\",\"valueRequired\":true,\"valueName\":\"search_term_string\"}}],\"inLanguage\":\"en-US\"},{\"@type\":\"Organization\",\"@id\":\"https:\\\/\\\/inwestujdlugoterminowo.pl\\\/#organization\",\"name\":\"Inwestuj D\u0142ugoterminowo\",\"alternateName\":\"ID\",\"url\":\"https:\\\/\\\/inwestujdlugoterminowo.pl\\\/\",\"logo\":{\"@type\":\"ImageObject\",\"inLanguage\":\"en-US\",\"@id\":\"https:\\\/\\\/inwestujdlugoterminowo.pl\\\/#\\\/schema\\\/logo\\\/image\\\/\",\"url\":\"https:\\\/\\\/inwestujdlugoterminowo.pl\\\/wp-content\\\/uploads\\\/2020\\\/10\\\/InwestujDlugoterminowo-e1715152262791.jpg\",\"contentUrl\":\"https:\\\/\\\/inwestujdlugoterminowo.pl\\\/wp-content\\\/uploads\\\/2020\\\/10\\\/InwestujDlugoterminowo-e1715152262791.jpg\",\"width\":1132,\"height\":567,\"caption\":\"Inwestuj D\u0142ugoterminowo\"},\"image\":{\"@id\":\"https:\\\/\\\/inwestujdlugoterminowo.pl\\\/#\\\/schema\\\/logo\\\/image\\\/\"},\"sameAs\":[\"https:\\\/\\\/www.facebook.com\\\/inwestujdlugoterminowo\\\/\",\"https:\\\/\\\/x.com\\\/GRadziukiewicz\"]}]}<\/script>\n<!-- \/ Yoast SEO plugin. -->","yoast_head_json":{"title":"User profile update - Inwestuj D\u0142ugoterminowo","robots":{"index":"index","follow":"follow","max-snippet":"max-snippet:-1","max-image-preview":"max-image-preview:large","max-video-preview":"max-video-preview:-1"},"canonical":"https:\/\/inwestujdlugoterminowo.pl\/en\/user-profile-update\/","og_locale":"en_US","og_type":"article","og_title":"User profile update - Inwestuj D\u0142ugoterminowo","og_url":"https:\/\/inwestujdlugoterminowo.pl\/en\/user-profile-update\/","og_site_name":"Inwestuj D\u0142ugoterminowo","article_publisher":"https:\/\/www.facebook.com\/inwestujdlugoterminowo\/","article_modified_time":"2021-09-27T16:06:13+00:00","og_image":[{"width":1200,"height":626,"url":"https:\/\/inwestujdlugoterminowo.pl\/wp-content\/uploads\/2024\/05\/Inwestuj-Dlugoterminowo111-e1751722262651.png","type":"image\/png"}],"twitter_card":"summary_large_image","twitter_site":"@GRadziukiewicz","twitter_misc":{"Est. reading time":"1 minute"},"schema":{"@context":"https:\/\/schema.org","@graph":[{"@type":"WebPage","@id":"https:\/\/inwestujdlugoterminowo.pl\/en\/user-profile-update\/","url":"https:\/\/inwestujdlugoterminowo.pl\/en\/user-profile-update\/","name":"User profile update - Inwestuj D\u0142ugoterminowo","isPartOf":{"@id":"https:\/\/inwestujdlugoterminowo.pl\/#website"},"datePublished":"2021-09-27T16:04:48+00:00","dateModified":"2021-09-27T16:06:13+00:00","breadcrumb":{"@id":"https:\/\/inwestujdlugoterminowo.pl\/en\/user-profile-update\/#breadcrumb"},"inLanguage":"en-US","potentialAction":[{"@type":"ReadAction","target":["https:\/\/inwestujdlugoterminowo.pl\/en\/user-profile-update\/"]}]},{"@type":"BreadcrumbList","@id":"https:\/\/inwestujdlugoterminowo.pl\/en\/user-profile-update\/#breadcrumb","itemListElement":[{"@type":"ListItem","position":1,"name":"Strona g\u0142\u00f3wna","item":"https:\/\/inwestujdlugoterminowo.pl\/"},{"@type":"ListItem","position":2,"name":"User profile update"}]},{"@type":"WebSite","@id":"https:\/\/inwestujdlugoterminowo.pl\/#website","url":"https:\/\/inwestujdlugoterminowo.pl\/","name":"Inwestuj D\u0142ugoterminowo","description":"\u015awiadome i systemowe podej\u015bcie do inwestowania","publisher":{"@id":"https:\/\/inwestujdlugoterminowo.pl\/#organization"},"alternateName":"ID","potentialAction":[{"@type":"SearchAction","target":{"@type":"EntryPoint","urlTemplate":"https:\/\/inwestujdlugoterminowo.pl\/?s={search_term_string}"},"query-input":{"@type":"PropertyValueSpecification","valueRequired":true,"valueName":"search_term_string"}}],"inLanguage":"en-US"},{"@type":"Organization","@id":"https:\/\/inwestujdlugoterminowo.pl\/#organization","name":"Inwestuj D\u0142ugoterminowo","alternateName":"ID","url":"https:\/\/inwestujdlugoterminowo.pl\/","logo":{"@type":"ImageObject","inLanguage":"en-US","@id":"https:\/\/inwestujdlugoterminowo.pl\/#\/schema\/logo\/image\/","url":"https:\/\/inwestujdlugoterminowo.pl\/wp-content\/uploads\/2020\/10\/InwestujDlugoterminowo-e1715152262791.jpg","contentUrl":"https:\/\/inwestujdlugoterminowo.pl\/wp-content\/uploads\/2020\/10\/InwestujDlugoterminowo-e1715152262791.jpg","width":1132,"height":567,"caption":"Inwestuj D\u0142ugoterminowo"},"image":{"@id":"https:\/\/inwestujdlugoterminowo.pl\/#\/schema\/logo\/image\/"},"sameAs":["https:\/\/www.facebook.com\/inwestujdlugoterminowo\/","https:\/\/x.com\/GRadziukiewicz"]}]}},"jetpack_shortlink":"https:\/\/wp.me\/PbImc6-1NU","jetpack_sharing_enabled":true,"_links":{"self":[{"href":"https:\/\/inwestujdlugoterminowo.pl\/en\/wp-json\/wp\/v2\/pages\/6938","targetHints":{"allow":["GET"]}}],"collection":[{"href":"https:\/\/inwestujdlugoterminowo.pl\/en\/wp-json\/wp\/v2\/pages"}],"about":[{"href":"https:\/\/inwestujdlugoterminowo.pl\/en\/wp-json\/wp\/v2\/types\/page"}],"author":[{"embeddable":true,"href":"https:\/\/inwestujdlugoterminowo.pl\/en\/wp-json\/wp\/v2\/users\/1"}],"replies":[{"embeddable":true,"href":"https:\/\/inwestujdlugoterminowo.pl\/en\/wp-json\/wp\/v2\/comments?post=6938"}],"version-history":[{"count":5,"href":"https:\/\/inwestujdlugoterminowo.pl\/en\/wp-json\/wp\/v2\/pages\/6938\/revisions"}],"predecessor-version":[{"id":6943,"href":"https:\/\/inwestujdlugoterminowo.pl\/en\/wp-json\/wp\/v2\/pages\/6938\/revisions\/6943"}],"wp:attachment":[{"href":"https:\/\/inwestujdlugoterminowo.pl\/en\/wp-json\/wp\/v2\/media?parent=6938"}],"curies":[{"name":"wp","href":"https:\/\/api.w.org\/{rel}","templated":true}]}}