{"id":6850,"date":"2021-09-26T20:11:21","date_gmt":"2021-09-26T18:11:21","guid":{"rendered":"https:\/\/inwestujdlugoterminowo.pl\/?page_id=6850"},"modified":"2021-10-01T23:20:24","modified_gmt":"2021-10-01T21:20:24","slug":"id-login-en-2","status":"publish","type":"page","link":"https:\/\/inwestujdlugoterminowo.pl\/en\/id-login-en-2\/","title":{"rendered":"ID-login-en"},"content":{"rendered":"\t\t<div data-elementor-type=\"wp-page\" data-elementor-id=\"6850\" class=\"elementor elementor-6850\">\n\t\t\t\t\t\t<section class=\"elementor-section elementor-top-section elementor-element elementor-element-af1b423 elementor-section-boxed elementor-section-height-default elementor-section-height-default\" data-id=\"af1b423\" data-element_type=\"section\" data-e-type=\"section\">\n\t\t\t\t\t\t<div class=\"elementor-container elementor-column-gap-default\">\n\t\t\t\t\t<div class=\"elementor-column elementor-col-100 elementor-top-column elementor-element elementor-element-5c99a12\" data-id=\"5c99a12\" data-element_type=\"column\" data-e-type=\"column\">\n\t\t\t<div class=\"elementor-widget-wrap elementor-element-populated\">\n\t\t\t\t\t\t<div class=\"elementor-element elementor-element-0af06bf elementor-position-left elementor-vertical-align-middle elementor-widget elementor-widget-image-box\" data-id=\"0af06bf\" data-element_type=\"widget\" data-e-type=\"widget\" data-widget_type=\"image-box.default\">\n\t\t\t\t<div class=\"elementor-widget-container\">\n\t\t\t\t\t<div class=\"elementor-image-box-wrapper\"><figure class=\"elementor-image-box-img\"><img loading=\"lazy\" decoding=\"async\" width=\"150\" height=\"150\" src=\"https:\/\/inwestujdlugoterminowo.pl\/wp-content\/uploads\/2020\/02\/ID_kol_prz_duze-150x150.png\" class=\"elementor-animation-grow attachment-thumbnail size-thumbnail wp-image-181\" alt=\"\" srcset=\"https:\/\/inwestujdlugoterminowo.pl\/wp-content\/uploads\/2020\/02\/ID_kol_prz_duze-150x150.png 150w, https:\/\/inwestujdlugoterminowo.pl\/wp-content\/uploads\/2020\/02\/ID_kol_prz_duze-80x80.png 80w, https:\/\/inwestujdlugoterminowo.pl\/wp-content\/uploads\/2020\/02\/ID_kol_prz_duze.png 250w\" sizes=\"auto, (max-width: 150px) 100vw, 150px\" \/><\/figure><div class=\"elementor-image-box-content\"><p class=\"elementor-image-box-description\"><h3>Login page for Premium subscribers <\/h3>\n<p>If you already have an account then just log in by entering your login or email and password. If you do not have access to the Premium content yet, be sure to join us by clicking the link below..<\/p>\n<span style=\"color: var( --e-global-color-text );font-family: var( --e-global-typography-text-font-family ), Sans-serif;font-weight: var( --e-global-typography-text-font-weight )\">&nbsp;<\/span><\/p><\/div><\/div>\t\t\t\t<\/div>\n\t\t\t\t<\/div>\n\t\t\t\t\t<\/div>\n\t\t<\/div>\n\t\t\t\t\t<\/div>\n\t\t<\/section>\n\t\t\t\t<section class=\"elementor-section elementor-top-section elementor-element elementor-element-cd03ede elementor-section-boxed elementor-section-height-default elementor-section-height-default\" data-id=\"cd03ede\" data-element_type=\"section\" data-e-type=\"section\">\n\t\t\t\t\t\t<div class=\"elementor-container elementor-column-gap-default\">\n\t\t\t\t\t<div class=\"elementor-column elementor-col-100 elementor-top-column elementor-element elementor-element-64dd157\" data-id=\"64dd157\" data-element_type=\"column\" data-e-type=\"column\">\n\t\t\t<div class=\"elementor-widget-wrap elementor-element-populated\">\n\t\t\t\t\t\t<div class=\"elementor-element elementor-element-29be130 elementor-widget elementor-widget-text-editor\" data-id=\"29be130\" data-element_type=\"widget\" data-e-type=\"widget\" data-widget_type=\"text-editor.default\">\n\t\t\t\t<div class=\"elementor-widget-container\">\n\t\t\t\t\t\t\t\t\t<p><div class=\"ws-plugin--s2member-sc-login\"><div class=\"ws-plugin--s2member-pro-login-widget\">\n<form method=\"post\" action=\"https:\/\/inwestujdlugoterminowo.pl\/en\/id-login\/\" class=\"ws-plugin--s2member-pro-login-widget-form\">\n<div class=\"ws-plugin--s2member-pro-login-widget-username\">\n<label for=\"ws-plugin--s2member-pro-login-widget-username\">Username or Email:<\/label><br \/>\n<input type=\"text\" name=\"log\" id=\"ws-plugin--s2member-pro-login-widget-username\" class=\"form-control\" title=\"Username\" \/>\n<\/div>\n<div class=\"ws-plugin--s2member-pro-login-widget-password\">\n<label for=\"ws-plugin--s2member-pro-login-widget-password\">Password:<\/label><br \/>\n<input type=\"password\" name=\"pwd\" id=\"ws-plugin--s2member-pro-login-widget-password\" class=\"form-control\" title=\"Password\" \/>\n<\/div>\n<div class=\"ws-plugin--s2member-pro-login-widget-lost-password\">\n<a href=\"https:\/\/inwestujdlugoterminowo.pl\/members-option-page\/\" tabindex=\"-1\">signup now<\/a> | <a href=\"https:\/\/inwestujdlugoterminowo.pl\/en\/id-login\/?action=lostpassword\" tabindex=\"-1\">forgot password?<\/a>\n<\/div>\n<div class=\"ws-plugin--s2member-pro-login-widget-remember-me\">\n<label><input type=\"checkbox\" name=\"rememberme\" value=\"forever\" \/>Remember Me<\/label>\n<\/div>\n<div class=\"ws-plugin--s2member-pro-login-widget-submit\">\n<input type=\"submit\" class=\"btn btn-primary\" value=\"Log Me In\" \/>\n<\/div>\n<\/form>\n<div class=\"ws-plugin--s2member-pro-login-widget-code\">\n<\/div>\n<div style=\"clear:both;\"><\/div>\n<\/div>\n<\/div><\/p>\t\t\t\t\t\t\t\t<\/div>\n\t\t\t\t<\/div>\n\t\t\t\t\t<\/div>\n\t\t<\/div>\n\t\t\t\t\t<\/div>\n\t\t<\/section>\n\t\t\t\t<\/div>\n\t\t","protected":false},"excerpt":{"rendered":"<p>&nbsp;<\/p>\n","protected":false},"author":1,"featured_media":0,"parent":0,"menu_order":10,"comment_status":"closed","ping_status":"closed","template":"","meta":{"jetpack_post_was_ever_published":false,"footnotes":""},"class_list":{"1":"page","2":"post-box"},"yoast_head":"<!-- This site is optimized with the Yoast SEO plugin v27.3 - https:\/\/yoast.com\/product\/yoast-seo-wordpress\/ -->\n<title>ID-login-en - Inwestuj D\u0142ugoterminowo<\/title>\n<meta name=\"robots\" content=\"index, follow, max-snippet:-1, max-image-preview:large, max-video-preview:-1\" \/>\n<link rel=\"canonical\" href=\"https:\/\/inwestujdlugoterminowo.pl\/en\/id-login-en-2\/\" \/>\n<meta property=\"og:locale\" content=\"en_US\" \/>\n<meta property=\"og:type\" content=\"article\" \/>\n<meta property=\"og:title\" content=\"ID-login-en - Inwestuj D\u0142ugoterminowo\" \/>\n<meta property=\"og:description\" content=\"&nbsp;\" \/>\n<meta property=\"og:url\" content=\"https:\/\/inwestujdlugoterminowo.pl\/en\/id-login-en-2\/\" \/>\n<meta property=\"og:site_name\" content=\"Inwestuj D\u0142ugoterminowo\" \/>\n<meta property=\"article:publisher\" content=\"https:\/\/www.facebook.com\/inwestujdlugoterminowo\/\" \/>\n<meta property=\"article:modified_time\" content=\"2021-10-01T21:20:24+00:00\" \/>\n<meta property=\"og:image\" content=\"https:\/\/inwestujdlugoterminowo.pl\/wp-content\/uploads\/2020\/02\/ID_kol_prz_duze-150x150.png\" \/>\n<meta name=\"twitter:card\" content=\"summary_large_image\" \/>\n<meta name=\"twitter:site\" content=\"@GRadziukiewicz\" \/>\n<meta name=\"twitter:label1\" content=\"Est. reading time\" \/>\n\t<meta name=\"twitter:data1\" content=\"1 minute\" \/>\n<script type=\"application\/ld+json\" class=\"yoast-schema-graph\">{\"@context\":\"https:\\\/\\\/schema.org\",\"@graph\":[{\"@type\":\"WebPage\",\"@id\":\"https:\\\/\\\/inwestujdlugoterminowo.pl\\\/en\\\/id-login-en-2\\\/\",\"url\":\"https:\\\/\\\/inwestujdlugoterminowo.pl\\\/en\\\/id-login-en-2\\\/\",\"name\":\"ID-login-en - Inwestuj D\u0142ugoterminowo\",\"isPartOf\":{\"@id\":\"https:\\\/\\\/inwestujdlugoterminowo.pl\\\/#website\"},\"primaryImageOfPage\":{\"@id\":\"https:\\\/\\\/inwestujdlugoterminowo.pl\\\/en\\\/id-login-en-2\\\/#primaryimage\"},\"image\":{\"@id\":\"https:\\\/\\\/inwestujdlugoterminowo.pl\\\/en\\\/id-login-en-2\\\/#primaryimage\"},\"thumbnailUrl\":\"https:\\\/\\\/inwestujdlugoterminowo.pl\\\/wp-content\\\/uploads\\\/2020\\\/02\\\/ID_kol_prz_duze-150x150.png\",\"datePublished\":\"2021-09-26T18:11:21+00:00\",\"dateModified\":\"2021-10-01T21:20:24+00:00\",\"breadcrumb\":{\"@id\":\"https:\\\/\\\/inwestujdlugoterminowo.pl\\\/en\\\/id-login-en-2\\\/#breadcrumb\"},\"inLanguage\":\"en-US\",\"potentialAction\":[{\"@type\":\"ReadAction\",\"target\":[\"https:\\\/\\\/inwestujdlugoterminowo.pl\\\/en\\\/id-login-en-2\\\/\"]}]},{\"@type\":\"ImageObject\",\"inLanguage\":\"en-US\",\"@id\":\"https:\\\/\\\/inwestujdlugoterminowo.pl\\\/en\\\/id-login-en-2\\\/#primaryimage\",\"url\":\"https:\\\/\\\/inwestujdlugoterminowo.pl\\\/wp-content\\\/uploads\\\/2020\\\/02\\\/ID_kol_prz_duze-150x150.png\",\"contentUrl\":\"https:\\\/\\\/inwestujdlugoterminowo.pl\\\/wp-content\\\/uploads\\\/2020\\\/02\\\/ID_kol_prz_duze-150x150.png\"},{\"@type\":\"BreadcrumbList\",\"@id\":\"https:\\\/\\\/inwestujdlugoterminowo.pl\\\/en\\\/id-login-en-2\\\/#breadcrumb\",\"itemListElement\":[{\"@type\":\"ListItem\",\"position\":1,\"name\":\"Strona g\u0142\u00f3wna\",\"item\":\"https:\\\/\\\/inwestujdlugoterminowo.pl\\\/\"},{\"@type\":\"ListItem\",\"position\":2,\"name\":\"ID-login-en\"}]},{\"@type\":\"WebSite\",\"@id\":\"https:\\\/\\\/inwestujdlugoterminowo.pl\\\/#website\",\"url\":\"https:\\\/\\\/inwestujdlugoterminowo.pl\\\/\",\"name\":\"Inwestuj D\u0142ugoterminowo\",\"description\":\"\u015awiadome i systemowe podej\u015bcie do inwestowania\",\"publisher\":{\"@id\":\"https:\\\/\\\/inwestujdlugoterminowo.pl\\\/#organization\"},\"alternateName\":\"ID\",\"potentialAction\":[{\"@type\":\"SearchAction\",\"target\":{\"@type\":\"EntryPoint\",\"urlTemplate\":\"https:\\\/\\\/inwestujdlugoterminowo.pl\\\/?s={search_term_string}\"},\"query-input\":{\"@type\":\"PropertyValueSpecification\",\"valueRequired\":true,\"valueName\":\"search_term_string\"}}],\"inLanguage\":\"en-US\"},{\"@type\":\"Organization\",\"@id\":\"https:\\\/\\\/inwestujdlugoterminowo.pl\\\/#organization\",\"name\":\"Inwestuj D\u0142ugoterminowo\",\"alternateName\":\"ID\",\"url\":\"https:\\\/\\\/inwestujdlugoterminowo.pl\\\/\",\"logo\":{\"@type\":\"ImageObject\",\"inLanguage\":\"en-US\",\"@id\":\"https:\\\/\\\/inwestujdlugoterminowo.pl\\\/#\\\/schema\\\/logo\\\/image\\\/\",\"url\":\"https:\\\/\\\/inwestujdlugoterminowo.pl\\\/wp-content\\\/uploads\\\/2020\\\/10\\\/InwestujDlugoterminowo-e1715152262791.jpg\",\"contentUrl\":\"https:\\\/\\\/inwestujdlugoterminowo.pl\\\/wp-content\\\/uploads\\\/2020\\\/10\\\/InwestujDlugoterminowo-e1715152262791.jpg\",\"width\":1132,\"height\":567,\"caption\":\"Inwestuj D\u0142ugoterminowo\"},\"image\":{\"@id\":\"https:\\\/\\\/inwestujdlugoterminowo.pl\\\/#\\\/schema\\\/logo\\\/image\\\/\"},\"sameAs\":[\"https:\\\/\\\/www.facebook.com\\\/inwestujdlugoterminowo\\\/\",\"https:\\\/\\\/x.com\\\/GRadziukiewicz\"]}]}<\/script>\n<!-- \/ Yoast SEO plugin. -->","yoast_head_json":{"title":"ID-login-en - Inwestuj D\u0142ugoterminowo","robots":{"index":"index","follow":"follow","max-snippet":"max-snippet:-1","max-image-preview":"max-image-preview:large","max-video-preview":"max-video-preview:-1"},"canonical":"https:\/\/inwestujdlugoterminowo.pl\/en\/id-login-en-2\/","og_locale":"en_US","og_type":"article","og_title":"ID-login-en - Inwestuj D\u0142ugoterminowo","og_description":"&nbsp;","og_url":"https:\/\/inwestujdlugoterminowo.pl\/en\/id-login-en-2\/","og_site_name":"Inwestuj D\u0142ugoterminowo","article_publisher":"https:\/\/www.facebook.com\/inwestujdlugoterminowo\/","article_modified_time":"2021-10-01T21:20:24+00:00","og_image":[{"url":"https:\/\/inwestujdlugoterminowo.pl\/wp-content\/uploads\/2020\/02\/ID_kol_prz_duze-150x150.png","type":"","width":"","height":""}],"twitter_card":"summary_large_image","twitter_site":"@GRadziukiewicz","twitter_misc":{"Est. reading time":"1 minute"},"schema":{"@context":"https:\/\/schema.org","@graph":[{"@type":"WebPage","@id":"https:\/\/inwestujdlugoterminowo.pl\/en\/id-login-en-2\/","url":"https:\/\/inwestujdlugoterminowo.pl\/en\/id-login-en-2\/","name":"ID-login-en - Inwestuj D\u0142ugoterminowo","isPartOf":{"@id":"https:\/\/inwestujdlugoterminowo.pl\/#website"},"primaryImageOfPage":{"@id":"https:\/\/inwestujdlugoterminowo.pl\/en\/id-login-en-2\/#primaryimage"},"image":{"@id":"https:\/\/inwestujdlugoterminowo.pl\/en\/id-login-en-2\/#primaryimage"},"thumbnailUrl":"https:\/\/inwestujdlugoterminowo.pl\/wp-content\/uploads\/2020\/02\/ID_kol_prz_duze-150x150.png","datePublished":"2021-09-26T18:11:21+00:00","dateModified":"2021-10-01T21:20:24+00:00","breadcrumb":{"@id":"https:\/\/inwestujdlugoterminowo.pl\/en\/id-login-en-2\/#breadcrumb"},"inLanguage":"en-US","potentialAction":[{"@type":"ReadAction","target":["https:\/\/inwestujdlugoterminowo.pl\/en\/id-login-en-2\/"]}]},{"@type":"ImageObject","inLanguage":"en-US","@id":"https:\/\/inwestujdlugoterminowo.pl\/en\/id-login-en-2\/#primaryimage","url":"https:\/\/inwestujdlugoterminowo.pl\/wp-content\/uploads\/2020\/02\/ID_kol_prz_duze-150x150.png","contentUrl":"https:\/\/inwestujdlugoterminowo.pl\/wp-content\/uploads\/2020\/02\/ID_kol_prz_duze-150x150.png"},{"@type":"BreadcrumbList","@id":"https:\/\/inwestujdlugoterminowo.pl\/en\/id-login-en-2\/#breadcrumb","itemListElement":[{"@type":"ListItem","position":1,"name":"Strona g\u0142\u00f3wna","item":"https:\/\/inwestujdlugoterminowo.pl\/"},{"@type":"ListItem","position":2,"name":"ID-login-en"}]},{"@type":"WebSite","@id":"https:\/\/inwestujdlugoterminowo.pl\/#website","url":"https:\/\/inwestujdlugoterminowo.pl\/","name":"Inwestuj D\u0142ugoterminowo","description":"\u015awiadome i systemowe podej\u015bcie do inwestowania","publisher":{"@id":"https:\/\/inwestujdlugoterminowo.pl\/#organization"},"alternateName":"ID","potentialAction":[{"@type":"SearchAction","target":{"@type":"EntryPoint","urlTemplate":"https:\/\/inwestujdlugoterminowo.pl\/?s={search_term_string}"},"query-input":{"@type":"PropertyValueSpecification","valueRequired":true,"valueName":"search_term_string"}}],"inLanguage":"en-US"},{"@type":"Organization","@id":"https:\/\/inwestujdlugoterminowo.pl\/#organization","name":"Inwestuj D\u0142ugoterminowo","alternateName":"ID","url":"https:\/\/inwestujdlugoterminowo.pl\/","logo":{"@type":"ImageObject","inLanguage":"en-US","@id":"https:\/\/inwestujdlugoterminowo.pl\/#\/schema\/logo\/image\/","url":"https:\/\/inwestujdlugoterminowo.pl\/wp-content\/uploads\/2020\/10\/InwestujDlugoterminowo-e1715152262791.jpg","contentUrl":"https:\/\/inwestujdlugoterminowo.pl\/wp-content\/uploads\/2020\/10\/InwestujDlugoterminowo-e1715152262791.jpg","width":1132,"height":567,"caption":"Inwestuj D\u0142ugoterminowo"},"image":{"@id":"https:\/\/inwestujdlugoterminowo.pl\/#\/schema\/logo\/image\/"},"sameAs":["https:\/\/www.facebook.com\/inwestujdlugoterminowo\/","https:\/\/x.com\/GRadziukiewicz"]}]}},"jetpack_shortlink":"https:\/\/wp.me\/PbImc6-1Mu","jetpack_sharing_enabled":true,"_links":{"self":[{"href":"https:\/\/inwestujdlugoterminowo.pl\/en\/wp-json\/wp\/v2\/pages\/6850","targetHints":{"allow":["GET"]}}],"collection":[{"href":"https:\/\/inwestujdlugoterminowo.pl\/en\/wp-json\/wp\/v2\/pages"}],"about":[{"href":"https:\/\/inwestujdlugoterminowo.pl\/en\/wp-json\/wp\/v2\/types\/page"}],"author":[{"embeddable":true,"href":"https:\/\/inwestujdlugoterminowo.pl\/en\/wp-json\/wp\/v2\/users\/1"}],"replies":[{"embeddable":true,"href":"https:\/\/inwestujdlugoterminowo.pl\/en\/wp-json\/wp\/v2\/comments?post=6850"}],"version-history":[{"count":10,"href":"https:\/\/inwestujdlugoterminowo.pl\/en\/wp-json\/wp\/v2\/pages\/6850\/revisions"}],"predecessor-version":[{"id":7092,"href":"https:\/\/inwestujdlugoterminowo.pl\/en\/wp-json\/wp\/v2\/pages\/6850\/revisions\/7092"}],"wp:attachment":[{"href":"https:\/\/inwestujdlugoterminowo.pl\/en\/wp-json\/wp\/v2\/media?parent=6850"}],"curies":[{"name":"wp","href":"https:\/\/api.w.org\/{rel}","templated":true}]}}