{"id":6646,"date":"2020-02-18T14:52:39","date_gmt":"2020-02-18T13:52:39","guid":{"rendered":"https:\/\/inwestujdlugoterminowo.pl\/?page_id=6646"},"modified":"2021-09-28T17:44:00","modified_gmt":"2021-09-28T15:44:00","slug":"about","status":"publish","type":"page","link":"https:\/\/inwestujdlugoterminowo.pl\/en\/about\/","title":{"rendered":"About"},"content":{"rendered":"<p>Welcome to my website <b><i>Inwestuj D\u0142ugoterminowo <\/i><\/b><i>(Long-term Investing)<\/i>. The name of this website speaks for itself what topics I will discuss here and it will not only be topics related to investing money but also how to invest in yourself so that you can fully enjoy life.<\/p>\n<p>I have been interested in financial markets since 2001. I have no formal economic or other financial education. Investing and finances are simply my passion and I dedicate most of my free time to it. I have gone through all possible investment stages, starting from the simple stock market, then through Forex market, and currently focused on global and systematic approach to the markets.<\/p>\n<p>My background is in ocean engineering and ship technology. Currently I am working in Oil &amp; Gas industry in engineering department.<\/p>\n<p>This blog was created with the idea of systematizing current investing knowledge&nbsp; and the willingness to share experience with others.<\/p>\n<p>Enjoy!<\/p>\n<p>Grzegorz Radziukiewicz<\/p>\n<pre><code>                                            &lt;img width=\"640\" height=\"350\" src=\"https:\/\/inwestujdlugoterminowo.pl\/wp-content\/uploads\/2020\/03\/o-mnie_zdjecie_na-strone-640x350.jpg\" alt=\"\" \/&gt;\n<\/code><\/pre>\n","protected":false},"excerpt":{"rendered":"<p>Welcome to my website Inwestuj D\u0142ugoterminowo (Long-term Investing). The name of this website speaks for itself what topics I will discuss here and it will not only be topics related to investing money but also how to invest in yourself so that you can fully enjoy life. I have been interested in financial markets since [&hellip;]<\/p>\n","protected":false},"author":1,"featured_media":0,"parent":0,"menu_order":14,"comment_status":"closed","ping_status":"closed","template":"","meta":{"jetpack_post_was_ever_published":false,"footnotes":""},"class_list":{"1":"page","2":"post-box"},"yoast_head":"<!-- This site is optimized with the Yoast SEO plugin v27.3 - https:\/\/yoast.com\/product\/yoast-seo-wordpress\/ -->\n<title>About - Inwestuj D\u0142ugoterminowo<\/title>\n<meta name=\"robots\" content=\"index, follow, max-snippet:-1, max-image-preview:large, max-video-preview:-1\" \/>\n<link rel=\"canonical\" href=\"https:\/\/inwestujdlugoterminowo.pl\/en\/about\/\" \/>\n<meta property=\"og:locale\" content=\"en_US\" \/>\n<meta property=\"og:type\" content=\"article\" \/>\n<meta property=\"og:title\" content=\"About - Inwestuj D\u0142ugoterminowo\" \/>\n<meta property=\"og:description\" content=\"Welcome to my website Inwestuj D\u0142ugoterminowo (Long-term Investing). The name of this website speaks for itself what topics I will discuss here and it will not only be topics related to investing money but also how to invest in yourself so that you can fully enjoy life. I have been interested in financial markets since [&hellip;]\" \/>\n<meta property=\"og:url\" content=\"https:\/\/inwestujdlugoterminowo.pl\/en\/about\/\" \/>\n<meta property=\"og:site_name\" content=\"Inwestuj D\u0142ugoterminowo\" \/>\n<meta property=\"article:publisher\" content=\"https:\/\/www.facebook.com\/inwestujdlugoterminowo\/\" \/>\n<meta property=\"article:modified_time\" content=\"2021-09-28T15:44:00+00:00\" \/>\n<meta property=\"og:image\" content=\"https:\/\/inwestujdlugoterminowo.pl\/wp-content\/uploads\/2024\/05\/Inwestuj-Dlugoterminowo111-e1751722262651.png\" \/>\n\t<meta property=\"og:image:width\" content=\"1200\" \/>\n\t<meta property=\"og:image:height\" content=\"626\" \/>\n\t<meta property=\"og:image:type\" content=\"image\/png\" \/>\n<meta name=\"twitter:card\" content=\"summary_large_image\" \/>\n<meta name=\"twitter:site\" content=\"@GRadziukiewicz\" \/>\n<meta name=\"twitter:label1\" content=\"Est. reading time\" \/>\n\t<meta name=\"twitter:data1\" content=\"1 minute\" \/>\n<script type=\"application\/ld+json\" class=\"yoast-schema-graph\">{\"@context\":\"https:\\\/\\\/schema.org\",\"@graph\":[{\"@type\":\"WebPage\",\"@id\":\"https:\\\/\\\/inwestujdlugoterminowo.pl\\\/en\\\/about\\\/\",\"url\":\"https:\\\/\\\/inwestujdlugoterminowo.pl\\\/en\\\/about\\\/\",\"name\":\"About - Inwestuj D\u0142ugoterminowo\",\"isPartOf\":{\"@id\":\"https:\\\/\\\/inwestujdlugoterminowo.pl\\\/#website\"},\"datePublished\":\"2020-02-18T13:52:39+00:00\",\"dateModified\":\"2021-09-28T15:44:00+00:00\",\"breadcrumb\":{\"@id\":\"https:\\\/\\\/inwestujdlugoterminowo.pl\\\/en\\\/about\\\/#breadcrumb\"},\"inLanguage\":\"en-US\",\"potentialAction\":[{\"@type\":\"ReadAction\",\"target\":[\"https:\\\/\\\/inwestujdlugoterminowo.pl\\\/en\\\/about\\\/\"]}]},{\"@type\":\"BreadcrumbList\",\"@id\":\"https:\\\/\\\/inwestujdlugoterminowo.pl\\\/en\\\/about\\\/#breadcrumb\",\"itemListElement\":[{\"@type\":\"ListItem\",\"position\":1,\"name\":\"Strona g\u0142\u00f3wna\",\"item\":\"https:\\\/\\\/inwestujdlugoterminowo.pl\\\/\"},{\"@type\":\"ListItem\",\"position\":2,\"name\":\"About\"}]},{\"@type\":\"WebSite\",\"@id\":\"https:\\\/\\\/inwestujdlugoterminowo.pl\\\/#website\",\"url\":\"https:\\\/\\\/inwestujdlugoterminowo.pl\\\/\",\"name\":\"Inwestuj D\u0142ugoterminowo\",\"description\":\"\u015awiadome i systemowe podej\u015bcie do inwestowania\",\"publisher\":{\"@id\":\"https:\\\/\\\/inwestujdlugoterminowo.pl\\\/#organization\"},\"alternateName\":\"ID\",\"potentialAction\":[{\"@type\":\"SearchAction\",\"target\":{\"@type\":\"EntryPoint\",\"urlTemplate\":\"https:\\\/\\\/inwestujdlugoterminowo.pl\\\/?s={search_term_string}\"},\"query-input\":{\"@type\":\"PropertyValueSpecification\",\"valueRequired\":true,\"valueName\":\"search_term_string\"}}],\"inLanguage\":\"en-US\"},{\"@type\":\"Organization\",\"@id\":\"https:\\\/\\\/inwestujdlugoterminowo.pl\\\/#organization\",\"name\":\"Inwestuj D\u0142ugoterminowo\",\"alternateName\":\"ID\",\"url\":\"https:\\\/\\\/inwestujdlugoterminowo.pl\\\/\",\"logo\":{\"@type\":\"ImageObject\",\"inLanguage\":\"en-US\",\"@id\":\"https:\\\/\\\/inwestujdlugoterminowo.pl\\\/#\\\/schema\\\/logo\\\/image\\\/\",\"url\":\"https:\\\/\\\/inwestujdlugoterminowo.pl\\\/wp-content\\\/uploads\\\/2020\\\/10\\\/InwestujDlugoterminowo-e1715152262791.jpg\",\"contentUrl\":\"https:\\\/\\\/inwestujdlugoterminowo.pl\\\/wp-content\\\/uploads\\\/2020\\\/10\\\/InwestujDlugoterminowo-e1715152262791.jpg\",\"width\":1132,\"height\":567,\"caption\":\"Inwestuj D\u0142ugoterminowo\"},\"image\":{\"@id\":\"https:\\\/\\\/inwestujdlugoterminowo.pl\\\/#\\\/schema\\\/logo\\\/image\\\/\"},\"sameAs\":[\"https:\\\/\\\/www.facebook.com\\\/inwestujdlugoterminowo\\\/\",\"https:\\\/\\\/x.com\\\/GRadziukiewicz\"]}]}<\/script>\n<!-- \/ Yoast SEO plugin. -->","yoast_head_json":{"title":"About - Inwestuj D\u0142ugoterminowo","robots":{"index":"index","follow":"follow","max-snippet":"max-snippet:-1","max-image-preview":"max-image-preview:large","max-video-preview":"max-video-preview:-1"},"canonical":"https:\/\/inwestujdlugoterminowo.pl\/en\/about\/","og_locale":"en_US","og_type":"article","og_title":"About - Inwestuj D\u0142ugoterminowo","og_description":"Welcome to my website Inwestuj D\u0142ugoterminowo (Long-term Investing). The name of this website speaks for itself what topics I will discuss here and it will not only be topics related to investing money but also how to invest in yourself so that you can fully enjoy life. I have been interested in financial markets since [&hellip;]","og_url":"https:\/\/inwestujdlugoterminowo.pl\/en\/about\/","og_site_name":"Inwestuj D\u0142ugoterminowo","article_publisher":"https:\/\/www.facebook.com\/inwestujdlugoterminowo\/","article_modified_time":"2021-09-28T15:44:00+00:00","og_image":[{"width":1200,"height":626,"url":"https:\/\/inwestujdlugoterminowo.pl\/wp-content\/uploads\/2024\/05\/Inwestuj-Dlugoterminowo111-e1751722262651.png","type":"image\/png"}],"twitter_card":"summary_large_image","twitter_site":"@GRadziukiewicz","twitter_misc":{"Est. reading time":"1 minute"},"schema":{"@context":"https:\/\/schema.org","@graph":[{"@type":"WebPage","@id":"https:\/\/inwestujdlugoterminowo.pl\/en\/about\/","url":"https:\/\/inwestujdlugoterminowo.pl\/en\/about\/","name":"About - Inwestuj D\u0142ugoterminowo","isPartOf":{"@id":"https:\/\/inwestujdlugoterminowo.pl\/#website"},"datePublished":"2020-02-18T13:52:39+00:00","dateModified":"2021-09-28T15:44:00+00:00","breadcrumb":{"@id":"https:\/\/inwestujdlugoterminowo.pl\/en\/about\/#breadcrumb"},"inLanguage":"en-US","potentialAction":[{"@type":"ReadAction","target":["https:\/\/inwestujdlugoterminowo.pl\/en\/about\/"]}]},{"@type":"BreadcrumbList","@id":"https:\/\/inwestujdlugoterminowo.pl\/en\/about\/#breadcrumb","itemListElement":[{"@type":"ListItem","position":1,"name":"Strona g\u0142\u00f3wna","item":"https:\/\/inwestujdlugoterminowo.pl\/"},{"@type":"ListItem","position":2,"name":"About"}]},{"@type":"WebSite","@id":"https:\/\/inwestujdlugoterminowo.pl\/#website","url":"https:\/\/inwestujdlugoterminowo.pl\/","name":"Inwestuj D\u0142ugoterminowo","description":"\u015awiadome i systemowe podej\u015bcie do inwestowania","publisher":{"@id":"https:\/\/inwestujdlugoterminowo.pl\/#organization"},"alternateName":"ID","potentialAction":[{"@type":"SearchAction","target":{"@type":"EntryPoint","urlTemplate":"https:\/\/inwestujdlugoterminowo.pl\/?s={search_term_string}"},"query-input":{"@type":"PropertyValueSpecification","valueRequired":true,"valueName":"search_term_string"}}],"inLanguage":"en-US"},{"@type":"Organization","@id":"https:\/\/inwestujdlugoterminowo.pl\/#organization","name":"Inwestuj D\u0142ugoterminowo","alternateName":"ID","url":"https:\/\/inwestujdlugoterminowo.pl\/","logo":{"@type":"ImageObject","inLanguage":"en-US","@id":"https:\/\/inwestujdlugoterminowo.pl\/#\/schema\/logo\/image\/","url":"https:\/\/inwestujdlugoterminowo.pl\/wp-content\/uploads\/2020\/10\/InwestujDlugoterminowo-e1715152262791.jpg","contentUrl":"https:\/\/inwestujdlugoterminowo.pl\/wp-content\/uploads\/2020\/10\/InwestujDlugoterminowo-e1715152262791.jpg","width":1132,"height":567,"caption":"Inwestuj D\u0142ugoterminowo"},"image":{"@id":"https:\/\/inwestujdlugoterminowo.pl\/#\/schema\/logo\/image\/"},"sameAs":["https:\/\/www.facebook.com\/inwestujdlugoterminowo\/","https:\/\/x.com\/GRadziukiewicz"]}]}},"jetpack_shortlink":"https:\/\/wp.me\/PbImc6-1Jc","jetpack_sharing_enabled":true,"_links":{"self":[{"href":"https:\/\/inwestujdlugoterminowo.pl\/en\/wp-json\/wp\/v2\/pages\/6646","targetHints":{"allow":["GET"]}}],"collection":[{"href":"https:\/\/inwestujdlugoterminowo.pl\/en\/wp-json\/wp\/v2\/pages"}],"about":[{"href":"https:\/\/inwestujdlugoterminowo.pl\/en\/wp-json\/wp\/v2\/types\/page"}],"author":[{"embeddable":true,"href":"https:\/\/inwestujdlugoterminowo.pl\/en\/wp-json\/wp\/v2\/users\/1"}],"replies":[{"embeddable":true,"href":"https:\/\/inwestujdlugoterminowo.pl\/en\/wp-json\/wp\/v2\/comments?post=6646"}],"version-history":[{"count":15,"href":"https:\/\/inwestujdlugoterminowo.pl\/en\/wp-json\/wp\/v2\/pages\/6646\/revisions"}],"predecessor-version":[{"id":7049,"href":"https:\/\/inwestujdlugoterminowo.pl\/en\/wp-json\/wp\/v2\/pages\/6646\/revisions\/7049"}],"wp:attachment":[{"href":"https:\/\/inwestujdlugoterminowo.pl\/en\/wp-json\/wp\/v2\/media?parent=6646"}],"curies":[{"name":"wp","href":"https:\/\/api.w.org\/{rel}","templated":true}]}}